{"id":27,"date":"2013-06-25T09:41:41","date_gmt":"2013-06-25T12:41:41","guid":{"rendered":"http:\/\/www.crecheesperancadoamanha.org.br\/blog\/?page_id=27"},"modified":"2013-06-25T09:41:41","modified_gmt":"2013-06-25T12:41:41","slug":"missao","status":"publish","type":"page","link":"https:\/\/www.crecheesperancadoamanha.org.br\/blog\/missao\/","title":{"rendered":"Miss\u00e3o"},"content":{"rendered":"<p>Acreditamos que a nossa inf\u00e2ncia determina todo o resto de nossas vidas.<\/p>\n<p>A miss\u00e3o da Esperan\u00e7a do Amanh\u00e3, n\u00e3o \u00e9 apenas fornecer comida e entretenimento para as crian\u00e7as enquanto suas m\u00e3es trabalham. \u00c9 algo bem maior.<\/p>\n<p>Valores, Conhecimento, Respeito e Amor s\u00e3o passados diariamente para cada um dos alunos. A inten\u00e7\u00e3o visa que essas crian\u00e7as, o nosso amanh\u00e3, sejam elas mesmas e consigam se expressar e passar para as pr\u00f3ximas gera\u00e7\u00f5es algo que est\u00e1 se perdendo\u2026 o Amor.<\/p>\n","protected":false},"excerpt":{"rendered":"<p>Acreditamos que a nossa inf\u00e2ncia determina todo o resto de nossas vidas. A miss\u00e3o da Esperan\u00e7a do Amanh\u00e3, n\u00e3o \u00e9 apenas fornecer comida e entretenimento para as crian\u00e7as enquanto suas m\u00e3es trabalham. \u00c9 algo bem maior. Valores, Conhecimento, Respeito e Amor s\u00e3o passados diariamente para cada um dos alunos. A inten\u00e7\u00e3o visa que essas crian\u00e7as, [&hellip;]<\/p>\n","protected":false},"author":1,"featured_media":0,"parent":0,"menu_order":0,"comment_status":"open","ping_status":"open","template":"","meta":[],"_links":{"self":[{"href":"https:\/\/www.crecheesperancadoamanha.org.br\/blog\/wp-json\/wp\/v2\/pages\/27"}],"collection":[{"href":"https:\/\/www.crecheesperancadoamanha.org.br\/blog\/wp-json\/wp\/v2\/pages"}],"about":[{"href":"https:\/\/www.crecheesperancadoamanha.org.br\/blog\/wp-json\/wp\/v2\/types\/page"}],"author":[{"embeddable":true,"href":"https:\/\/www.crecheesperancadoamanha.org.br\/blog\/wp-json\/wp\/v2\/users\/1"}],"replies":[{"embeddable":true,"href":"https:\/\/www.crecheesperancadoamanha.org.br\/blog\/wp-json\/wp\/v2\/comments?post=27"}],"version-history":[{"count":1,"href":"https:\/\/www.crecheesperancadoamanha.org.br\/blog\/wp-json\/wp\/v2\/pages\/27\/revisions"}],"predecessor-version":[{"id":28,"href":"https:\/\/www.crecheesperancadoamanha.org.br\/blog\/wp-json\/wp\/v2\/pages\/27\/revisions\/28"}],"wp:attachment":[{"href":"https:\/\/www.crecheesperancadoamanha.org.br\/blog\/wp-json\/wp\/v2\/media?parent=27"}],"curies":[{"name":"wp","href":"https:\/\/api.w.org\/{rel}","templated":true}]}}