{"id":2,"date":"2008-04-21T17:05:56","date_gmt":"2008-04-21T14:05:56","guid":{"rendered":"http:\/\/crecheesperancadoamanha.org.br\/blog\/?page_id=2"},"modified":"2013-06-12T09:48:18","modified_gmt":"2013-06-12T12:48:18","slug":"about","status":"publish","type":"page","link":"https:\/\/www.crecheesperancadoamanha.org.br\/blog\/about\/","title":{"rendered":"Sobre a Creche"},"content":{"rendered":"<p style=\"text-align: justify;\">\n<p style=\"text-align: justify;\">A<em> Escolinha de Educa\u00e7\u00e3o Infantil Creche Esperan\u00e7a do Amanh\u00e3<\/em>\u00a0iniciou suas atividades em 1997 e \u00e9 uma institui\u00e7\u00e3o sem fins lucrativos que atua na \u00e1rea de educa\u00e7\u00e3o e forma\u00e7\u00e3o b\u00e1sica para crian\u00e7as de 2 a 6 anos.<\/p>\n<p style=\"text-align: justify;\">\n<p style=\"text-align: justify;\"><a href=\"http:\/\/crecheesperancadoamanha.org.br\/blog\/wp-content\/uploads\/2008\/04\/Vista-de-fora.jpg\"><img loading=\"lazy\" class=\"size-medium wp-image-12 aligncenter\" title=\"Vista Externa\" alt=\"\" src=\"http:\/\/crecheesperancadoamanha.org.br\/blog\/wp-content\/uploads\/2008\/04\/Vista-de-fora-300x189.jpg\" width=\"257\" height=\"184\" \/><\/a><\/p>\n<p style=\"text-align: justify;\">\n<p style=\"text-align: justify;\">Acreditamos que oferecer educa\u00e7\u00e3o e cultura para as crian\u00e7as \u00e9 essencial para a forma\u00e7\u00e3o de adultos aut\u00f4nomos e cr\u00edticos, capazes de construir um mundo melhor.<\/p>\n<p style=\"text-align: justify;\"><a href=\"http:\/\/crecheesperancadoamanha.org.br\/blog\/wp-content\/uploads\/2008\/04\/sala.jpg\"><img loading=\"lazy\" class=\"size-full wp-image-13 aligncenter\" title=\"sala\" alt=\"\" src=\"http:\/\/crecheesperancadoamanha.org.br\/blog\/wp-content\/uploads\/2008\/04\/sala.jpg\" width=\"257\" height=\"184\" \/><\/a><\/p>\n<p style=\"text-align: justify;\">Atualmente atendendo cerca de 50 crian\u00e7as, a <em>Escolinha <\/em>oferece aulas de alfabetiza\u00e7\u00e3o, ingl\u00eas, cidadania e cultura, contando tamb\u00e9m com alimenta\u00e7\u00e3o e cuidados de sa\u00fade.<\/p>\n<p style=\"text-align: justify;\">\n<p style=\"text-align: justify;\">\n<p style=\"text-align: justify;\"><a href=\"http:\/\/crecheesperancadoamanha.org.br\/blog\/wp-content\/uploads\/2008\/04\/outdoor-menor1.jpg\"><img loading=\"lazy\" class=\"alignnone size-full wp-image-16\" title=\"outdoor menor\" alt=\"\" src=\"http:\/\/crecheesperancadoamanha.org.br\/blog\/wp-content\/uploads\/2008\/04\/outdoor-menor1.jpg\" width=\"572\" height=\"192\" srcset=\"https:\/\/www.crecheesperancadoamanha.org.br\/blog\/wp-content\/uploads\/2008\/04\/outdoor-menor1.jpg 572w, https:\/\/www.crecheesperancadoamanha.org.br\/blog\/wp-content\/uploads\/2008\/04\/outdoor-menor1-300x100.jpg 300w\" sizes=\"(max-width: 572px) 100vw, 572px\" \/><\/a><\/p>\n","protected":false},"excerpt":{"rendered":"<p>A Escolinha de Educa\u00e7\u00e3o Infantil Creche Esperan\u00e7a do Amanh\u00e3\u00a0iniciou suas atividades em 1997 e \u00e9 uma institui\u00e7\u00e3o sem fins lucrativos que atua na \u00e1rea de educa\u00e7\u00e3o e forma\u00e7\u00e3o b\u00e1sica para crian\u00e7as de 2 a 6 anos. Acreditamos que oferecer educa\u00e7\u00e3o e cultura para as crian\u00e7as \u00e9 essencial para a forma\u00e7\u00e3o de adultos aut\u00f4nomos e cr\u00edticos, [&hellip;]<\/p>\n","protected":false},"author":1,"featured_media":0,"parent":0,"menu_order":0,"comment_status":"open","ping_status":"open","template":"","meta":[],"_links":{"self":[{"href":"https:\/\/www.crecheesperancadoamanha.org.br\/blog\/wp-json\/wp\/v2\/pages\/2"}],"collection":[{"href":"https:\/\/www.crecheesperancadoamanha.org.br\/blog\/wp-json\/wp\/v2\/pages"}],"about":[{"href":"https:\/\/www.crecheesperancadoamanha.org.br\/blog\/wp-json\/wp\/v2\/types\/page"}],"author":[{"embeddable":true,"href":"https:\/\/www.crecheesperancadoamanha.org.br\/blog\/wp-json\/wp\/v2\/users\/1"}],"replies":[{"embeddable":true,"href":"https:\/\/www.crecheesperancadoamanha.org.br\/blog\/wp-json\/wp\/v2\/comments?post=2"}],"version-history":[{"count":5,"href":"https:\/\/www.crecheesperancadoamanha.org.br\/blog\/wp-json\/wp\/v2\/pages\/2\/revisions"}],"predecessor-version":[{"id":25,"href":"https:\/\/www.crecheesperancadoamanha.org.br\/blog\/wp-json\/wp\/v2\/pages\/2\/revisions\/25"}],"wp:attachment":[{"href":"https:\/\/www.crecheesperancadoamanha.org.br\/blog\/wp-json\/wp\/v2\/media?parent=2"}],"curies":[{"name":"wp","href":"https:\/\/api.w.org\/{rel}","templated":true}]}}